{"id":3370,"date":"2024-09-02T08:43:58","date_gmt":"2024-09-02T13:43:58","guid":{"rendered":"https:\/\/consultoriospichincha.com\/mp_170\/?page_id=3370"},"modified":"2024-09-02T09:44:44","modified_gmt":"2024-09-02T14:44:44","slug":"noticias-2","status":"publish","type":"page","link":"https:\/\/consultoriospichincha.com\/mp_170\/noticias-2\/","title":{"rendered":"Noticias"},"content":{"rendered":"\n<div style=\"height:39px\" aria-hidden=\"true\" class=\"wp-block-spacer\"><\/div>\n\n\n\n<h2 class=\"wp-block-heading has-text-align-center has-accent-color has-text-color has-link-color wp-elements-16b7b5b0bd609d31717737994c6078a5\">Noticias y novedades<\/h2>\n\n\n<div class=\"noticias-grid\"><div class=\"noticia-item\"><div class=\"noticia-thumb\"><img loading=\"lazy\" decoding=\"async\" width=\"300\" height=\"169\" src=\"https:\/\/consultoriospichincha.com\/mp_170\/wp-content\/uploads\/2026\/04\/jaime-benitez-k-300x169.jpg\" class=\"attachment-medium size-medium wp-post-image\" alt=\"\" srcset=\"https:\/\/consultoriospichincha.com\/mp_170\/wp-content\/uploads\/2026\/04\/jaime-benitez-k-300x169.jpg 300w, https:\/\/consultoriospichincha.com\/mp_170\/wp-content\/uploads\/2026\/04\/jaime-benitez-k-1024x576.jpg 1024w, https:\/\/consultoriospichincha.com\/mp_170\/wp-content\/uploads\/2026\/04\/jaime-benitez-k-768x432.jpg 768w, https:\/\/consultoriospichincha.com\/mp_170\/wp-content\/uploads\/2026\/04\/jaime-benitez-k-1536x863.jpg 1536w, https:\/\/consultoriospichincha.com\/mp_170\/wp-content\/uploads\/2026\/04\/jaime-benitez-k-18x10.jpg 18w, https:\/\/consultoriospichincha.com\/mp_170\/wp-content\/uploads\/2026\/04\/jaime-benitez-k.jpg 1964w\" sizes=\"auto, (max-width: 300px) 100vw, 300px\" \/><\/div><div class=\"noticia-date\">8 de abril de 2026<\/div><h2 class=\"noticia-title\"><a href=\"https:\/\/consultoriospichincha.com\/mp_170\/el-dr-jaime-benitez-k-destaca-en-el-ii-simposio-de-salud-femenina-en-oncologia\/\">El Dr. Jaime Ben\u00edtez K. destaca en el II Simposio de Salud Femenina en Oncolog\u00eda<\/a><\/h2><div class=\"noticia-excerpt\">El Dr. Jaime Andr\u00e9s Ben\u00edtez, distinguido especialista de nuestro cuerpo m\u00e9dico en Consultorios M\u00e9dicos Pichincha, tuvo una destacada participaci\u00f3n en el II Simposio de Salud Femenina en Oncolog\u00eda, organizado por la Sociedad de Oncolog\u00eda Ginecol\u00f3gica del Ecuador (SOGE). Este importante foro acad\u00e9mico reuni\u00f3 a expertos para compartir conocimientos avanzados sobre el futuro de la salud ... <a title=\"El Dr. Jaime Ben\u00edtez K. destaca en el II Simposio de Salud Femenina en Oncolog\u00eda\" class=\"read-more\" href=\"https:\/\/consultoriospichincha.com\/mp_170\/el-dr-jaime-benitez-k-destaca-en-el-ii-simposio-de-salud-femenina-en-oncologia\/\" aria-label=\"Read more about El Dr. Jaime Ben\u00edtez K. destaca en el II Simposio de Salud Femenina en Oncolog\u00eda\">Leer m\u00e1s<\/a><\/div><a class=\"noticia-read-more\" href=\"https:\/\/consultoriospichincha.com\/mp_170\/el-dr-jaime-benitez-k-destaca-en-el-ii-simposio-de-salud-femenina-en-oncologia\/\">Ir a la noticia<\/a><\/div><div class=\"noticia-item\"><div class=\"noticia-thumb\"><img loading=\"lazy\" decoding=\"async\" width=\"300\" height=\"169\" src=\"https:\/\/consultoriospichincha.com\/mp_170\/wp-content\/uploads\/2026\/03\/2_1-300x169.jpg\" class=\"attachment-medium size-medium wp-post-image\" alt=\"\" srcset=\"https:\/\/consultoriospichincha.com\/mp_170\/wp-content\/uploads\/2026\/03\/2_1-300x169.jpg 300w, https:\/\/consultoriospichincha.com\/mp_170\/wp-content\/uploads\/2026\/03\/2_1-1024x576.jpg 1024w, https:\/\/consultoriospichincha.com\/mp_170\/wp-content\/uploads\/2026\/03\/2_1-768x432.jpg 768w, https:\/\/consultoriospichincha.com\/mp_170\/wp-content\/uploads\/2026\/03\/2_1-1536x863.jpg 1536w, https:\/\/consultoriospichincha.com\/mp_170\/wp-content\/uploads\/2026\/03\/2_1-2048x1151.jpg 2048w, https:\/\/consultoriospichincha.com\/mp_170\/wp-content\/uploads\/2026\/03\/2_1-18x10.jpg 18w\" sizes=\"auto, (max-width: 300px) 100vw, 300px\" \/><\/div><div class=\"noticia-date\">18 de marzo de 2026<\/div><h2 class=\"noticia-title\"><a href=\"https:\/\/consultoriospichincha.com\/mp_170\/participacion-destacada-en-formacion-internacional-dra-ximena-alvarez-en-curso-de-neurologia-fetal-avanzada\/\">Participaci\u00f3n destacada en formaci\u00f3n internacional: Dra. Ximena \u00c1lvarez en Curso de Neurolog\u00eda Fetal Avanzada<\/a><\/h2><div class=\"noticia-excerpt\">Como parte de nuestro compromiso permanente con la actualizaci\u00f3n m\u00e9dica y la excelencia en la atenci\u00f3n a nuestros pacientes, nos complace compartir la participaci\u00f3n de la Dra. Ximena \u00c1lvarez en el Curso Presencial Internacional de Neurolog\u00eda Fetal Avanzada, realizado recientemente en Per\u00fa y organizado por Fetal Medicine Barcelona, uno de los centros de referencia mundial ... <a title=\"Participaci\u00f3n destacada en formaci\u00f3n internacional: Dra. Ximena \u00c1lvarez en Curso de Neurolog\u00eda Fetal Avanzada\" class=\"read-more\" href=\"https:\/\/consultoriospichincha.com\/mp_170\/participacion-destacada-en-formacion-internacional-dra-ximena-alvarez-en-curso-de-neurologia-fetal-avanzada\/\" aria-label=\"Read more about Participaci\u00f3n destacada en formaci\u00f3n internacional: Dra. Ximena \u00c1lvarez en Curso de Neurolog\u00eda Fetal Avanzada\">Leer m\u00e1s<\/a><\/div><a class=\"noticia-read-more\" href=\"https:\/\/consultoriospichincha.com\/mp_170\/participacion-destacada-en-formacion-internacional-dra-ximena-alvarez-en-curso-de-neurologia-fetal-avanzada\/\">Ir a la noticia<\/a><\/div><div class=\"noticia-item\"><div class=\"noticia-thumb\"><img loading=\"lazy\" decoding=\"async\" width=\"300\" height=\"169\" src=\"https:\/\/consultoriospichincha.com\/mp_170\/wp-content\/uploads\/2026\/03\/1_1-300x169.jpg\" class=\"attachment-medium size-medium wp-post-image\" alt=\"\" srcset=\"https:\/\/consultoriospichincha.com\/mp_170\/wp-content\/uploads\/2026\/03\/1_1-300x169.jpg 300w, https:\/\/consultoriospichincha.com\/mp_170\/wp-content\/uploads\/2026\/03\/1_1-1024x576.jpg 1024w, https:\/\/consultoriospichincha.com\/mp_170\/wp-content\/uploads\/2026\/03\/1_1-768x432.jpg 768w, https:\/\/consultoriospichincha.com\/mp_170\/wp-content\/uploads\/2026\/03\/1_1-1536x863.jpg 1536w, https:\/\/consultoriospichincha.com\/mp_170\/wp-content\/uploads\/2026\/03\/1_1-2048x1151.jpg 2048w, https:\/\/consultoriospichincha.com\/mp_170\/wp-content\/uploads\/2026\/03\/1_1-18x10.jpg 18w\" sizes=\"auto, (max-width: 300px) 100vw, 300px\" \/><\/div><div class=\"noticia-date\">17 de marzo de 2026<\/div><h2 class=\"noticia-title\"><a href=\"https:\/\/consultoriospichincha.com\/mp_170\/el-dr-edgar-rivera-liderara-la-medicina-regional-ecuador-asume-la-presidencia-de-solapav-para-el-periodo-2026-2028\/\">El Dr. Edgar Rivera liderar\u00e1 la medicina regional: Ecuador asume la Presidencia de SOLAPAV para el periodo 2026\u20132028<\/a><\/h2><div class=\"noticia-excerpt\">La mirada de la medicina latinoamericana se posa sobre el Ecuador y, de manera muy especial, sobre nuestra casa, Consultorios M\u00e9dicos Pichincha. No se trata \u00fanicamente de un nombramiento institucional; es el reconocimiento a una trayectoria de excelencia que hoy coloca a nuestro especialista, el Dr. Edgar Rivera, al frente de la Sociedad Latinoamericana de ... <a title=\"El Dr. Edgar Rivera liderar\u00e1 la medicina regional: Ecuador asume la Presidencia de SOLAPAV para el periodo 2026\u20132028\" class=\"read-more\" href=\"https:\/\/consultoriospichincha.com\/mp_170\/el-dr-edgar-rivera-liderara-la-medicina-regional-ecuador-asume-la-presidencia-de-solapav-para-el-periodo-2026-2028\/\" aria-label=\"Read more about El Dr. Edgar Rivera liderar\u00e1 la medicina regional: Ecuador asume la Presidencia de SOLAPAV para el periodo 2026\u20132028\">Leer m\u00e1s<\/a><\/div><a class=\"noticia-read-more\" href=\"https:\/\/consultoriospichincha.com\/mp_170\/el-dr-edgar-rivera-liderara-la-medicina-regional-ecuador-asume-la-presidencia-de-solapav-para-el-periodo-2026-2028\/\">Ir a la noticia<\/a><\/div><div class=\"noticia-item\"><div class=\"noticia-thumb\"><img loading=\"lazy\" decoding=\"async\" width=\"300\" height=\"169\" src=\"https:\/\/consultoriospichincha.com\/mp_170\/wp-content\/uploads\/2026\/02\/DRA.-CAROLINA-BENITEZ-NOTICIA-300x169.jpg\" class=\"attachment-medium size-medium wp-post-image\" alt=\"\" srcset=\"https:\/\/consultoriospichincha.com\/mp_170\/wp-content\/uploads\/2026\/02\/DRA.-CAROLINA-BENITEZ-NOTICIA-300x169.jpg 300w, https:\/\/consultoriospichincha.com\/mp_170\/wp-content\/uploads\/2026\/02\/DRA.-CAROLINA-BENITEZ-NOTICIA-1024x576.jpg 1024w, https:\/\/consultoriospichincha.com\/mp_170\/wp-content\/uploads\/2026\/02\/DRA.-CAROLINA-BENITEZ-NOTICIA-768x432.jpg 768w, https:\/\/consultoriospichincha.com\/mp_170\/wp-content\/uploads\/2026\/02\/DRA.-CAROLINA-BENITEZ-NOTICIA-1536x863.jpg 1536w, https:\/\/consultoriospichincha.com\/mp_170\/wp-content\/uploads\/2026\/02\/DRA.-CAROLINA-BENITEZ-NOTICIA-2048x1151.jpg 2048w, https:\/\/consultoriospichincha.com\/mp_170\/wp-content\/uploads\/2026\/02\/DRA.-CAROLINA-BENITEZ-NOTICIA-18x10.jpg 18w\" sizes=\"auto, (max-width: 300px) 100vw, 300px\" \/><\/div><div class=\"noticia-date\">9 de febrero de 2026<\/div><h2 class=\"noticia-title\"><a href=\"https:\/\/consultoriospichincha.com\/mp_170\/tus-cosmeticos-cuidan-tu-piel-o-la-estan-danando-la-dra-carolina-benitez-nos-cuenta\/\">\u00bfTus cosm\u00e9ticos cuidan tu piel o la est\u00e1n da\u00f1ando? La Dra. Carolina Ben\u00edtez nos cuenta<\/a><\/h2><div class=\"noticia-excerpt\">La Dra. Carolina Ben\u00edtez K., dermat\u00f3loga de los Consultorios M\u00e9dicos Pichincha, particip\u00f3 recientemente en un programa de televisi\u00f3n donde abord\u00f3 un tema que preocupa cada vez m\u00e1s a pacientes de todas las edades: los ingredientes presentes en productos cosm\u00e9ticos de uso diario. Durante la entrevista, la especialista explic\u00f3 que muchas personas utilizan cremas, maquillajes y ... <a title=\"\u00bfTus cosm\u00e9ticos cuidan tu piel o la est\u00e1n da\u00f1ando? La Dra. Carolina Ben\u00edtez nos cuenta\" class=\"read-more\" href=\"https:\/\/consultoriospichincha.com\/mp_170\/tus-cosmeticos-cuidan-tu-piel-o-la-estan-danando-la-dra-carolina-benitez-nos-cuenta\/\" aria-label=\"Read more about \u00bfTus cosm\u00e9ticos cuidan tu piel o la est\u00e1n da\u00f1ando? La Dra. Carolina Ben\u00edtez nos cuenta\">Leer m\u00e1s<\/a><\/div><a class=\"noticia-read-more\" href=\"https:\/\/consultoriospichincha.com\/mp_170\/tus-cosmeticos-cuidan-tu-piel-o-la-estan-danando-la-dra-carolina-benitez-nos-cuenta\/\">Ir a la noticia<\/a><\/div><div class=\"noticia-item\"><div class=\"noticia-thumb\"><img loading=\"lazy\" decoding=\"async\" width=\"300\" height=\"169\" src=\"https:\/\/consultoriospichincha.com\/mp_170\/wp-content\/uploads\/2026\/01\/navi_2025-300x169.jpg\" class=\"attachment-medium size-medium wp-post-image\" alt=\"\" srcset=\"https:\/\/consultoriospichincha.com\/mp_170\/wp-content\/uploads\/2026\/01\/navi_2025-300x169.jpg 300w, https:\/\/consultoriospichincha.com\/mp_170\/wp-content\/uploads\/2026\/01\/navi_2025-768x433.jpg 768w, https:\/\/consultoriospichincha.com\/mp_170\/wp-content\/uploads\/2026\/01\/navi_2025-18x10.jpg 18w, https:\/\/consultoriospichincha.com\/mp_170\/wp-content\/uploads\/2026\/01\/navi_2025.jpg 870w\" sizes=\"auto, (max-width: 300px) 100vw, 300px\" \/><\/div><div class=\"noticia-date\">20 de diciembre de 2025<\/div><h2 class=\"noticia-title\"><a href=\"https:\/\/consultoriospichincha.com\/mp_170\/un-gesto-de-gratitud-que-fortalece-nuestro-espiritu-institucional\/\">Un gesto de gratitud que fortalece nuestro esp\u00edritu institucional<\/a><\/h2><div class=\"noticia-excerpt\">En un ambiente lleno de cercan\u00eda, gratitud y esp\u00edritu navide\u00f1o, el presidente del Directorio, Dr. William \u00c1lvarez, realiz\u00f3 la entrega de canastas navide\u00f1as a todo el personal, como un sincero reconocimiento al esfuerzo, la dedicaci\u00f3n y el compromiso demostrados a lo largo del a\u00f1o. Durante este significativo encuentro, se destac\u00f3 que cada logro alcanzado y ... <a title=\"Un gesto de gratitud que fortalece nuestro esp\u00edritu institucional\" class=\"read-more\" href=\"https:\/\/consultoriospichincha.com\/mp_170\/un-gesto-de-gratitud-que-fortalece-nuestro-espiritu-institucional\/\" aria-label=\"Read more about Un gesto de gratitud que fortalece nuestro esp\u00edritu institucional\">Leer m\u00e1s<\/a><\/div><a class=\"noticia-read-more\" href=\"https:\/\/consultoriospichincha.com\/mp_170\/un-gesto-de-gratitud-que-fortalece-nuestro-espiritu-institucional\/\">Ir a la noticia<\/a><\/div><div class=\"noticia-item\"><div class=\"noticia-thumb\"><img loading=\"lazy\" decoding=\"async\" width=\"300\" height=\"169\" src=\"https:\/\/consultoriospichincha.com\/mp_170\/wp-content\/uploads\/2025\/12\/DR.-LUIS-VELA-NOTICIA-300x169.jpg\" class=\"attachment-medium size-medium wp-post-image\" alt=\"\" srcset=\"https:\/\/consultoriospichincha.com\/mp_170\/wp-content\/uploads\/2025\/12\/DR.-LUIS-VELA-NOTICIA-300x169.jpg 300w, https:\/\/consultoriospichincha.com\/mp_170\/wp-content\/uploads\/2025\/12\/DR.-LUIS-VELA-NOTICIA-1024x576.jpg 1024w, https:\/\/consultoriospichincha.com\/mp_170\/wp-content\/uploads\/2025\/12\/DR.-LUIS-VELA-NOTICIA-768x432.jpg 768w, https:\/\/consultoriospichincha.com\/mp_170\/wp-content\/uploads\/2025\/12\/DR.-LUIS-VELA-NOTICIA-1536x863.jpg 1536w, https:\/\/consultoriospichincha.com\/mp_170\/wp-content\/uploads\/2025\/12\/DR.-LUIS-VELA-NOTICIA-2048x1151.jpg 2048w, https:\/\/consultoriospichincha.com\/mp_170\/wp-content\/uploads\/2025\/12\/DR.-LUIS-VELA-NOTICIA-18x10.jpg 18w\" sizes=\"auto, (max-width: 300px) 100vw, 300px\" \/><\/div><div class=\"noticia-date\">26 de noviembre de 2025<\/div><h2 class=\"noticia-title\"><a href=\"https:\/\/consultoriospichincha.com\/mp_170\/dr-luis-vela-participa-como-expositor-en-mesa-de-debate-sobre-vacunacion-contra-el-hpv-en-importante-jornada-nacional-de-colposcopia\/\">Dr. Luis Vela participa como expositor en mesa de debate sobre vacunaci\u00f3n contra el HPV en importante jornada nacional de colposcopia<\/a><\/h2><div class=\"noticia-excerpt\">En Consultorios M\u00e9dicos Pichincha creemos firmemente que la actualizaci\u00f3n m\u00e9dica continua es un pilar fundamental para ofrecer una atenci\u00f3n moderna, segura y basada en evidencia. Por ello, celebramos la participaci\u00f3n del&nbsp;Dr. Luis Vela, ginec\u00f3logo colposcopista de nuestro staff, como expositor en la mesa de debate del&nbsp;Curso de Colposcopia de la Sociedad Ecuatoriana de Patolog\u00eda del ... <a title=\"Dr. Luis Vela participa como expositor en mesa de debate sobre vacunaci\u00f3n contra el HPV en importante jornada nacional de colposcopia\" class=\"read-more\" href=\"https:\/\/consultoriospichincha.com\/mp_170\/dr-luis-vela-participa-como-expositor-en-mesa-de-debate-sobre-vacunacion-contra-el-hpv-en-importante-jornada-nacional-de-colposcopia\/\" aria-label=\"Read more about Dr. Luis Vela participa como expositor en mesa de debate sobre vacunaci\u00f3n contra el HPV en importante jornada nacional de colposcopia\">Leer m\u00e1s<\/a><\/div><a class=\"noticia-read-more\" href=\"https:\/\/consultoriospichincha.com\/mp_170\/dr-luis-vela-participa-como-expositor-en-mesa-de-debate-sobre-vacunacion-contra-el-hpv-en-importante-jornada-nacional-de-colposcopia\/\">Ir a la noticia<\/a><\/div><div class=\"noticia-item\"><div class=\"noticia-thumb\"><img loading=\"lazy\" decoding=\"async\" width=\"300\" height=\"169\" src=\"https:\/\/consultoriospichincha.com\/mp_170\/wp-content\/uploads\/2025\/09\/obst-1-300x169.png\" class=\"attachment-medium size-medium wp-post-image\" alt=\"\" srcset=\"https:\/\/consultoriospichincha.com\/mp_170\/wp-content\/uploads\/2025\/09\/obst-1-300x169.png 300w, https:\/\/consultoriospichincha.com\/mp_170\/wp-content\/uploads\/2025\/09\/obst-1-1024x576.png 1024w, https:\/\/consultoriospichincha.com\/mp_170\/wp-content\/uploads\/2025\/09\/obst-1-768x432.png 768w, https:\/\/consultoriospichincha.com\/mp_170\/wp-content\/uploads\/2025\/09\/obst-1-1536x864.png 1536w, https:\/\/consultoriospichincha.com\/mp_170\/wp-content\/uploads\/2025\/09\/obst-1-2048x1151.png 2048w, https:\/\/consultoriospichincha.com\/mp_170\/wp-content\/uploads\/2025\/09\/obst-1-18x10.png 18w\" sizes=\"auto, (max-width: 300px) 100vw, 300px\" \/><\/div><div class=\"noticia-date\">31 de agosto de 2025<\/div><h2 class=\"noticia-title\"><a href=\"https:\/\/consultoriospichincha.com\/mp_170\/dia-de-la-obstetricia-un-homenaje-a-quienes-acompanan-la-vida\/\">D\u00eda de la Obstetricia: un homenaje a quienes acompa\u00f1an la vida<\/a><\/h2><div class=\"noticia-excerpt\">Cada 31 de agosto, se conmemora el D\u00eda de la Obstetricia, una fecha especial para reconocer a todos los profesionales que, con vocaci\u00f3n, paciencia y dedicaci\u00f3n, acompa\u00f1an a las mujeres en uno de los momentos m\u00e1s importantes de sus vidas: el embarazo, el parto y el postparto. Ser obstetra no es solo una profesi\u00f3n, es ... <a title=\"D\u00eda de la Obstetricia: un homenaje a quienes acompa\u00f1an la vida\" class=\"read-more\" href=\"https:\/\/consultoriospichincha.com\/mp_170\/dia-de-la-obstetricia-un-homenaje-a-quienes-acompanan-la-vida\/\" aria-label=\"Read more about D\u00eda de la Obstetricia: un homenaje a quienes acompa\u00f1an la vida\">Leer m\u00e1s<\/a><\/div><a class=\"noticia-read-more\" href=\"https:\/\/consultoriospichincha.com\/mp_170\/dia-de-la-obstetricia-un-homenaje-a-quienes-acompanan-la-vida\/\">Ir a la noticia<\/a><\/div><div class=\"noticia-item\"><div class=\"noticia-thumb\"><img loading=\"lazy\" decoding=\"async\" width=\"300\" height=\"169\" src=\"https:\/\/consultoriospichincha.com\/mp_170\/wp-content\/uploads\/2025\/08\/noticia-psicologo-300x169.png\" class=\"attachment-medium size-medium wp-post-image\" alt=\"\" srcset=\"https:\/\/consultoriospichincha.com\/mp_170\/wp-content\/uploads\/2025\/08\/noticia-psicologo-300x169.png 300w, https:\/\/consultoriospichincha.com\/mp_170\/wp-content\/uploads\/2025\/08\/noticia-psicologo-1024x576.png 1024w, https:\/\/consultoriospichincha.com\/mp_170\/wp-content\/uploads\/2025\/08\/noticia-psicologo-768x432.png 768w, https:\/\/consultoriospichincha.com\/mp_170\/wp-content\/uploads\/2025\/08\/noticia-psicologo-1536x864.png 1536w, https:\/\/consultoriospichincha.com\/mp_170\/wp-content\/uploads\/2025\/08\/noticia-psicologo-2048x1151.png 2048w, https:\/\/consultoriospichincha.com\/mp_170\/wp-content\/uploads\/2025\/08\/noticia-psicologo-18x10.png 18w\" sizes=\"auto, (max-width: 300px) 100vw, 300px\" \/><\/div><div class=\"noticia-date\">14 de agosto de 2025<\/div><h2 class=\"noticia-title\"><a href=\"https:\/\/consultoriospichincha.com\/mp_170\/dia-del-psicologo-ecuatoriano-un-homenaje-a-quienes-cuidan-nuestra-salud-mental\/\">D\u00eda del Psic\u00f3logo Ecuatoriano: un homenaje a quienes cuidan nuestra salud mental<\/a><\/h2><div class=\"noticia-excerpt\">En el&nbsp;D\u00eda del Psic\u00f3logo Ecuatoriano, reconocemos la labor de quienes nos ayudan a sanar desde adentro. Los psic\u00f3logos son aliados en el camino hacia el bienestar, brindando apoyo, escucha y herramientas para enfrentar los retos de la vida. La terapia psicol\u00f3gica no es solo para momentos de crisis. Tambi\u00e9n es un espacio para conocernos mejor, ... <a title=\"D\u00eda del Psic\u00f3logo Ecuatoriano: un homenaje a quienes cuidan nuestra salud mental\" class=\"read-more\" href=\"https:\/\/consultoriospichincha.com\/mp_170\/dia-del-psicologo-ecuatoriano-un-homenaje-a-quienes-cuidan-nuestra-salud-mental\/\" aria-label=\"Read more about D\u00eda del Psic\u00f3logo Ecuatoriano: un homenaje a quienes cuidan nuestra salud mental\">Leer m\u00e1s<\/a><\/div><a class=\"noticia-read-more\" href=\"https:\/\/consultoriospichincha.com\/mp_170\/dia-del-psicologo-ecuatoriano-un-homenaje-a-quienes-cuidan-nuestra-salud-mental\/\">Ir a la noticia<\/a><\/div><div class=\"noticia-item\"><div class=\"noticia-thumb\"><img loading=\"lazy\" decoding=\"async\" width=\"300\" height=\"169\" src=\"https:\/\/consultoriospichincha.com\/mp_170\/wp-content\/uploads\/2025\/06\/1-300x169.png\" class=\"attachment-medium size-medium wp-post-image\" alt=\"\" srcset=\"https:\/\/consultoriospichincha.com\/mp_170\/wp-content\/uploads\/2025\/06\/1-300x169.png 300w, https:\/\/consultoriospichincha.com\/mp_170\/wp-content\/uploads\/2025\/06\/1-1024x576.png 1024w, https:\/\/consultoriospichincha.com\/mp_170\/wp-content\/uploads\/2025\/06\/1-768x432.png 768w, https:\/\/consultoriospichincha.com\/mp_170\/wp-content\/uploads\/2025\/06\/1-1536x864.png 1536w, https:\/\/consultoriospichincha.com\/mp_170\/wp-content\/uploads\/2025\/06\/1-2048x1151.png 2048w, https:\/\/consultoriospichincha.com\/mp_170\/wp-content\/uploads\/2025\/06\/1-18x10.png 18w\" sizes=\"auto, (max-width: 300px) 100vw, 300px\" \/><\/div><div class=\"noticia-date\">12 de junio de 2025<\/div><h2 class=\"noticia-title\"><a href=\"https:\/\/consultoriospichincha.com\/mp_170\/el-80-de-mujeres-mayores-de-40-sufre-de-incontinencia-urinaria-en-los-cmp-ya-hay-tecnologia-para-tratarla-sin-cirugia\/\">El 80% de mujeres mayores de 40 sufre de incontinencia urinaria: en los CMP ya hay tecnolog\u00eda para tratarla sin cirug\u00eda<\/a><\/h2><div class=\"noticia-excerpt\">La incontinencia urinaria afecta a m\u00e1s del 80% de mujeres mayores de 40 a\u00f1os, pero muchas no lo comunican por verg\u00fcenza o porque creen err\u00f3neamente que es parte del envejecimiento. Hoy, en los Consultorios M\u00e9dicos Pichincha, esta realidad est\u00e1 cambiando gracias a la incorporaci\u00f3n de tecnolog\u00eda de vanguardia. El Dr. Darwin Simba\u00f1a, especialista en ginecolog\u00eda, ... <a title=\"El 80% de mujeres mayores de 40 sufre de incontinencia urinaria: en los CMP ya hay tecnolog\u00eda para tratarla sin cirug\u00eda\" class=\"read-more\" href=\"https:\/\/consultoriospichincha.com\/mp_170\/el-80-de-mujeres-mayores-de-40-sufre-de-incontinencia-urinaria-en-los-cmp-ya-hay-tecnologia-para-tratarla-sin-cirugia\/\" aria-label=\"Read more about El 80% de mujeres mayores de 40 sufre de incontinencia urinaria: en los CMP ya hay tecnolog\u00eda para tratarla sin cirug\u00eda\">Leer m\u00e1s<\/a><\/div><a class=\"noticia-read-more\" href=\"https:\/\/consultoriospichincha.com\/mp_170\/el-80-de-mujeres-mayores-de-40-sufre-de-incontinencia-urinaria-en-los-cmp-ya-hay-tecnologia-para-tratarla-sin-cirugia\/\">Ir a la noticia<\/a><\/div><\/div>\n","protected":false},"excerpt":{"rendered":"<p>Noticias y novedades<\/p>\n","protected":false},"author":1,"featured_media":0,"parent":0,"menu_order":0,"comment_status":"closed","ping_status":"closed","template":"","meta":{"footnotes":""},"class_list":["post-3370","page","type-page","status-publish","hentry"],"_links":{"self":[{"href":"https:\/\/consultoriospichincha.com\/mp_170\/wp-json\/wp\/v2\/pages\/3370","targetHints":{"allow":["GET"]}}],"collection":[{"href":"https:\/\/consultoriospichincha.com\/mp_170\/wp-json\/wp\/v2\/pages"}],"about":[{"href":"https:\/\/consultoriospichincha.com\/mp_170\/wp-json\/wp\/v2\/types\/page"}],"author":[{"embeddable":true,"href":"https:\/\/consultoriospichincha.com\/mp_170\/wp-json\/wp\/v2\/users\/1"}],"replies":[{"embeddable":true,"href":"https:\/\/consultoriospichincha.com\/mp_170\/wp-json\/wp\/v2\/comments?post=3370"}],"version-history":[{"count":4,"href":"https:\/\/consultoriospichincha.com\/mp_170\/wp-json\/wp\/v2\/pages\/3370\/revisions"}],"predecessor-version":[{"id":3383,"href":"https:\/\/consultoriospichincha.com\/mp_170\/wp-json\/wp\/v2\/pages\/3370\/revisions\/3383"}],"wp:attachment":[{"href":"https:\/\/consultoriospichincha.com\/mp_170\/wp-json\/wp\/v2\/media?parent=3370"}],"curies":[{"name":"wp","href":"https:\/\/api.w.org\/{rel}","templated":true}]}}