{"id":3162,"date":"2024-08-19T10:55:12","date_gmt":"2024-08-19T15:55:12","guid":{"rendered":"https:\/\/consultoriospichincha.com\/mp_170\/?page_id=3162"},"modified":"2024-08-21T12:52:24","modified_gmt":"2024-08-21T17:52:24","slug":"directorio1","status":"publish","type":"page","link":"https:\/\/consultoriospichincha.com\/mp_170\/es\/directorio1\/","title":{"rendered":"Directorio"},"content":{"rendered":"<div class=\"gb-container gb-container-279bf954 alignfull\" style=\"background-image: url(https:\/\/consultoriospichincha.com\/mp_170\/wp-content\/uploads\/2024\/08\/fondo_dir.jpg);\">\n\n<div style=\"height:36px\" aria-hidden=\"true\" class=\"wp-block-spacer\"><\/div>\n\n\n\n<h1 class=\"gb-headline gb-headline-01de62f6 gb-headline-text\">Directorio<\/h1>\n\n\n\n<hr class=\"wp-block-separator has-text-color has-base-4-color has-alpha-channel-opacity has-base-4-background-color has-background\"\/>\n\n\n<div class=\"gb-container gb-container-b4830094 alignfull\">\n\n<div class=\"wp-block-columns is-layout-flex wp-container-core-columns-is-layout-9d6595d7 wp-block-columns-is-layout-flex\">\n<div class=\"wp-block-column is-layout-flow wp-block-column-is-layout-flow\"><\/div>\n\n\n\n<div class=\"wp-block-column is-layout-flow wp-block-column-is-layout-flow\">\n<figure class=\"gb-block-image gb-block-image-63042c80\"><img loading=\"lazy\" decoding=\"async\" width=\"2160\" height=\"2144\" class=\"gb-image gb-image-63042c80\" src=\"https:\/\/consultoriospichincha.com\/mp_170\/wp-content\/uploads\/2024\/08\/William-Rodrigo-Alvarez-Mejia.jpg\" alt=\"\" title=\"William Rodrigo \u00c1lvarez Mej\u00eda\" srcset=\"https:\/\/consultoriospichincha.com\/mp_170\/wp-content\/uploads\/2024\/08\/William-Rodrigo-Alvarez-Mejia.jpg 2160w, https:\/\/consultoriospichincha.com\/mp_170\/wp-content\/uploads\/2024\/08\/William-Rodrigo-Alvarez-Mejia-300x298.jpg 300w, https:\/\/consultoriospichincha.com\/mp_170\/wp-content\/uploads\/2024\/08\/William-Rodrigo-Alvarez-Mejia-1024x1016.jpg 1024w, https:\/\/consultoriospichincha.com\/mp_170\/wp-content\/uploads\/2024\/08\/William-Rodrigo-Alvarez-Mejia-150x150.jpg 150w, https:\/\/consultoriospichincha.com\/mp_170\/wp-content\/uploads\/2024\/08\/William-Rodrigo-Alvarez-Mejia-768x762.jpg 768w, https:\/\/consultoriospichincha.com\/mp_170\/wp-content\/uploads\/2024\/08\/William-Rodrigo-Alvarez-Mejia-1536x1525.jpg 1536w, https:\/\/consultoriospichincha.com\/mp_170\/wp-content\/uploads\/2024\/08\/William-Rodrigo-Alvarez-Mejia-2048x2033.jpg 2048w, https:\/\/consultoriospichincha.com\/mp_170\/wp-content\/uploads\/2024\/08\/William-Rodrigo-Alvarez-Mejia-12x12.jpg 12w\" sizes=\"auto, (max-width: 2160px) 100vw, 2160px\" \/>\n<figcaption class=\"gb-headline gb-headline-2bf00f8e gb-headline-text\"><\/figcaption>\n<\/figure>\n\n\n\n<p class=\"has-text-align-center has-base-4-color has-text-color has-link-color has-medium-font-size wp-elements-437af9d8e00ce8ff5b2c9ea1b5152456\"><strong>Dr. Willian \u00c1lvarez<\/strong><\/p>\n\n\n\n<p class=\"has-text-align-center has-base-4-color has-text-color has-link-color has-medium-font-size wp-elements-81e31b1c8425eb048d1fa8303e31ff82\"><strong>Presidente<\/strong><\/p>\n<\/div>\n\n\n\n<div class=\"wp-block-column is-layout-flow wp-block-column-is-layout-flow\">\n<figure class=\"gb-block-image gb-block-image-fe3eeb56\"><img loading=\"lazy\" decoding=\"async\" width=\"2160\" height=\"2144\" class=\"gb-image gb-image-fe3eeb56\" src=\"https:\/\/consultoriospichincha.com\/mp_170\/wp-content\/uploads\/2024\/08\/Fernando-Manuel-Hidalgo-Cisneros.jpg\" alt=\"\" title=\"Fernando Manuel Hidalgo Cisneros\" srcset=\"https:\/\/consultoriospichincha.com\/mp_170\/wp-content\/uploads\/2024\/08\/Fernando-Manuel-Hidalgo-Cisneros.jpg 2160w, https:\/\/consultoriospichincha.com\/mp_170\/wp-content\/uploads\/2024\/08\/Fernando-Manuel-Hidalgo-Cisneros-300x298.jpg 300w, https:\/\/consultoriospichincha.com\/mp_170\/wp-content\/uploads\/2024\/08\/Fernando-Manuel-Hidalgo-Cisneros-1024x1016.jpg 1024w, https:\/\/consultoriospichincha.com\/mp_170\/wp-content\/uploads\/2024\/08\/Fernando-Manuel-Hidalgo-Cisneros-150x150.jpg 150w, https:\/\/consultoriospichincha.com\/mp_170\/wp-content\/uploads\/2024\/08\/Fernando-Manuel-Hidalgo-Cisneros-768x762.jpg 768w, https:\/\/consultoriospichincha.com\/mp_170\/wp-content\/uploads\/2024\/08\/Fernando-Manuel-Hidalgo-Cisneros-1536x1525.jpg 1536w, https:\/\/consultoriospichincha.com\/mp_170\/wp-content\/uploads\/2024\/08\/Fernando-Manuel-Hidalgo-Cisneros-2048x2033.jpg 2048w, https:\/\/consultoriospichincha.com\/mp_170\/wp-content\/uploads\/2024\/08\/Fernando-Manuel-Hidalgo-Cisneros-12x12.jpg 12w\" sizes=\"auto, (max-width: 2160px) 100vw, 2160px\" \/><\/figure>\n\n\n\n<p class=\"has-text-align-center has-base-4-color has-text-color has-link-color has-medium-font-size wp-elements-2d0b6fda5339f7e885a58f7679f147cb\"><strong>Dr. Fernando Hidalgo<\/strong><\/p>\n\n\n\n<p class=\"has-text-align-center has-base-4-color has-text-color has-link-color has-medium-font-size wp-elements-846f542b0bee4f223d59420ad9ff34db\"><strong>Vocal Principal<\/strong><\/p>\n<\/div>\n\n\n\n<div class=\"wp-block-column is-layout-flow wp-block-column-is-layout-flow\">\n<figure class=\"gb-block-image gb-block-image-af996d1e\"><a href=\"\/mp_170\/es\/.\/\"><img loading=\"lazy\" decoding=\"async\" width=\"2160\" height=\"2144\" class=\"gb-image gb-image-af996d1e\" src=\"https:\/\/consultoriospichincha.com\/mp_170\/wp-content\/uploads\/2024\/08\/Luis-Salas-Niemes.jpg\" alt=\"\" title=\"Luis Salas Niemes\" srcset=\"https:\/\/consultoriospichincha.com\/mp_170\/wp-content\/uploads\/2024\/08\/Luis-Salas-Niemes.jpg 2160w, https:\/\/consultoriospichincha.com\/mp_170\/wp-content\/uploads\/2024\/08\/Luis-Salas-Niemes-300x298.jpg 300w, https:\/\/consultoriospichincha.com\/mp_170\/wp-content\/uploads\/2024\/08\/Luis-Salas-Niemes-1024x1016.jpg 1024w, https:\/\/consultoriospichincha.com\/mp_170\/wp-content\/uploads\/2024\/08\/Luis-Salas-Niemes-150x150.jpg 150w, https:\/\/consultoriospichincha.com\/mp_170\/wp-content\/uploads\/2024\/08\/Luis-Salas-Niemes-768x762.jpg 768w, https:\/\/consultoriospichincha.com\/mp_170\/wp-content\/uploads\/2024\/08\/Luis-Salas-Niemes-1536x1525.jpg 1536w, https:\/\/consultoriospichincha.com\/mp_170\/wp-content\/uploads\/2024\/08\/Luis-Salas-Niemes-2048x2033.jpg 2048w, https:\/\/consultoriospichincha.com\/mp_170\/wp-content\/uploads\/2024\/08\/Luis-Salas-Niemes-12x12.jpg 12w\" sizes=\"auto, (max-width: 2160px) 100vw, 2160px\" \/><\/a><\/figure>\n\n\n\n<p class=\"has-text-align-center has-base-4-color has-text-color has-link-color has-medium-font-size wp-elements-064b53b9d8feb7c14421f27677cfd3bc\"><strong>Dr. Luis Salas<\/strong><\/p>\n\n\n\n<p class=\"has-text-align-center has-base-4-color has-text-color has-link-color has-medium-font-size wp-elements-846f542b0bee4f223d59420ad9ff34db\"><strong>Vocal Principal<\/strong><\/p>\n<\/div>\n\n\n\n<div class=\"wp-block-column is-layout-flow wp-block-column-is-layout-flow\">\n<figure class=\"gb-block-image gb-block-image-c8997928\"><img loading=\"lazy\" decoding=\"async\" width=\"2160\" height=\"2144\" class=\"gb-image gb-image-c8997928\" src=\"https:\/\/consultoriospichincha.com\/mp_170\/wp-content\/uploads\/2024\/08\/Hernan-Francisco-Hervas-Ortega.jpg\" alt=\"\" title=\"Hern\u00e1n Francisco Herv\u00e1s Ortega\" srcset=\"https:\/\/consultoriospichincha.com\/mp_170\/wp-content\/uploads\/2024\/08\/Hernan-Francisco-Hervas-Ortega.jpg 2160w, https:\/\/consultoriospichincha.com\/mp_170\/wp-content\/uploads\/2024\/08\/Hernan-Francisco-Hervas-Ortega-300x298.jpg 300w, https:\/\/consultoriospichincha.com\/mp_170\/wp-content\/uploads\/2024\/08\/Hernan-Francisco-Hervas-Ortega-1024x1016.jpg 1024w, https:\/\/consultoriospichincha.com\/mp_170\/wp-content\/uploads\/2024\/08\/Hernan-Francisco-Hervas-Ortega-150x150.jpg 150w, https:\/\/consultoriospichincha.com\/mp_170\/wp-content\/uploads\/2024\/08\/Hernan-Francisco-Hervas-Ortega-768x762.jpg 768w, https:\/\/consultoriospichincha.com\/mp_170\/wp-content\/uploads\/2024\/08\/Hernan-Francisco-Hervas-Ortega-1536x1525.jpg 1536w, https:\/\/consultoriospichincha.com\/mp_170\/wp-content\/uploads\/2024\/08\/Hernan-Francisco-Hervas-Ortega-2048x2033.jpg 2048w, https:\/\/consultoriospichincha.com\/mp_170\/wp-content\/uploads\/2024\/08\/Hernan-Francisco-Hervas-Ortega-12x12.jpg 12w\" sizes=\"auto, (max-width: 2160px) 100vw, 2160px\" \/><\/figure>\n\n\n\n<p class=\"has-text-align-center has-base-4-color has-text-color has-link-color has-medium-font-size wp-elements-3be7c769f361f74f319aaf4bf1196121\"><strong>Dr. Hern\u00e1n Herv\u00e1s<\/strong><\/p>\n\n\n\n<p class=\"has-text-align-center has-base-4-color has-text-color has-link-color has-medium-font-size wp-elements-846f542b0bee4f223d59420ad9ff34db\"><strong>Vocal Principal<\/strong><\/p>\n<\/div>\n\n\n\n<div class=\"wp-block-column is-layout-flow wp-block-column-is-layout-flow\"><\/div>\n<\/div>\n\n<\/div>\n<\/div>","protected":false},"excerpt":{"rendered":"<p>Directorio Dr. Willian \u00c1lvarez Presidente Dr. Fernando Hidalgo Vocal Principal Dr. Luis Salas Vocal Principal Dr. Hern\u00e1n Herv\u00e1s Vocal Principal<\/p>","protected":false},"author":1,"featured_media":0,"parent":0,"menu_order":0,"comment_status":"closed","ping_status":"closed","template":"","meta":{"footnotes":""},"class_list":["post-3162","page","type-page","status-publish"],"_links":{"self":[{"href":"https:\/\/consultoriospichincha.com\/mp_170\/es\/wp-json\/wp\/v2\/pages\/3162","targetHints":{"allow":["GET"]}}],"collection":[{"href":"https:\/\/consultoriospichincha.com\/mp_170\/es\/wp-json\/wp\/v2\/pages"}],"about":[{"href":"https:\/\/consultoriospichincha.com\/mp_170\/es\/wp-json\/wp\/v2\/types\/page"}],"author":[{"embeddable":true,"href":"https:\/\/consultoriospichincha.com\/mp_170\/es\/wp-json\/wp\/v2\/users\/1"}],"replies":[{"embeddable":true,"href":"https:\/\/consultoriospichincha.com\/mp_170\/es\/wp-json\/wp\/v2\/comments?post=3162"}],"version-history":[{"count":12,"href":"https:\/\/consultoriospichincha.com\/mp_170\/es\/wp-json\/wp\/v2\/pages\/3162\/revisions"}],"predecessor-version":[{"id":3424,"href":"https:\/\/consultoriospichincha.com\/mp_170\/es\/wp-json\/wp\/v2\/pages\/3162\/revisions\/3424"}],"wp:attachment":[{"href":"https:\/\/consultoriospichincha.com\/mp_170\/es\/wp-json\/wp\/v2\/media?parent=3162"}],"curies":[{"name":"wp","href":"https:\/\/api.w.org\/{rel}","templated":true}]}}