{"id":281,"date":"2024-06-16T10:54:04","date_gmt":"2024-06-16T15:54:04","guid":{"rendered":"https:\/\/consultoriospichincha.com\/mp_170\/?page_id=281"},"modified":"2025-10-28T11:46:58","modified_gmt":"2025-10-28T16:46:58","slug":"nosotros","status":"publish","type":"page","link":"https:\/\/consultoriospichincha.com\/mp_170\/es\/nosotros\/","title":{"rendered":"Nosotros"},"content":{"rendered":"<section class=\"gb-container gb-container-5c2acce0 alignfull\">\n\n<h1 class=\"gb-headline gb-headline-644f9efe gb-headline-text\"><strong>\u00bfQUI\u00c9NES SOMOS?<\/strong><\/h1>\n\n\n<div class=\"gb-container gb-container-f8060f11 alignwide\">\n<div class=\"gb-container gb-container-9b9bab92\">\n\n<div class=\"wp-block-columns is-layout-flex wp-container-core-columns-is-layout-9d6595d7 wp-block-columns-is-layout-flex\">\n<div class=\"wp-block-column is-layout-flow wp-block-column-is-layout-flow\"><\/div>\n\n\n\n<div class=\"wp-block-column is-layout-flow wp-block-column-is-layout-flow\" style=\"flex-basis:600px\">\n<p class=\"has-base-4-color has-text-color has-link-color wp-elements-898dc752473cc3331b682f2bb810b2d6\" style=\"font-size:19px;font-style:normal;font-weight:500\">En Consultorios M\u00e9dicos Pichincha, estamos comprometidos con la excelencia en la atenci\u00f3n m\u00e9dica. Contamos con una amplia cartera de m\u00e9dicos especializados con una destacada trayectoria. Nuestra misi\u00f3n es ofrecer un cuidado integral y personalizado a cada uno de nuestros pacientes, asegurando su bienestar y calidad de vida con instalaciones modernas y tecnolog\u00eda de vanguardia.<\/p>\n<\/div>\n\n\n\n<div class=\"wp-block-column is-layout-flow wp-block-column-is-layout-flow\"><\/div>\n<\/div>\n\n<\/div>\n<\/div>\n<\/section>\n\n<div class=\"gb-container gb-container-1f8ba6aa alignfull\">\n\n<div style=\"height:66px\" aria-hidden=\"true\" class=\"wp-block-spacer\"><\/div>\n\n\n\n<div class=\"wp-block-columns is-layout-flex wp-container-core-columns-is-layout-9d6595d7 wp-block-columns-is-layout-flex\">\n<div class=\"wp-block-column is-layout-flow wp-block-column-is-layout-flow\">\n<h3 class=\"gb-headline gb-headline-f091a56d gb-headline-text\"><strong><strong>Misi\u00f3n<\/strong><\/strong><\/h3>\n\n\n\n<p style=\"margin-top:0;margin-right:var(--wp--preset--spacing--80);margin-bottom:0;margin-left:var(--wp--preset--spacing--80)\">Mejorar la calidad de vida de nuestros pacientes mediante una atenci\u00f3n m\u00e9dica especializada, con \u00e9nfasis en la \u00e9tica, la innovaci\u00f3n y la calidez humana.<\/p>\n<\/div>\n\n\n\n<div class=\"wp-block-column is-layout-flow wp-block-column-is-layout-flow\">\n<h3 class=\"gb-headline gb-headline-5e764e9b gb-headline-text\"><strong>Visi\u00f3n<\/strong><\/h3>\n\n\n\n<p style=\"margin-top:0;margin-right:var(--wp--preset--spacing--80);margin-bottom:0;margin-left:var(--wp--preset--spacing--80)\">Posicionar a los Consultorios M\u00e9dicos Pichincha como referentes en atenci\u00f3n m\u00e9dica especializada, ofreciendo servicios de excelencia en diversas especialidades, con el respaldo de equipos multidisciplinarios y tecnolog\u00eda de vanguardia.<\/p>\n<\/div>\n<\/div>\n\n\n\n<div style=\"height:54px\" aria-hidden=\"true\" class=\"wp-block-spacer\"><\/div>\n\n<\/div>\n\n<div class=\"gb-container gb-container-515df8c1\">\n<div class=\"gb-container gb-container-0f31d784\">\n<div class=\"gb-container gb-container-dc2f7064\">\n<div class=\"gb-container gb-container-352f043a\">\n\n<div style=\"height:0px\" aria-hidden=\"true\" class=\"wp-block-spacer\"><\/div>\n\n<\/div>\n\n<div class=\"gb-container gb-container-0032fcb2\">\n<div class=\"gb-container gb-container-7a2a72c2\">\n<div class=\"gb-container gb-container-f5281f99\">\n\n<h3 class=\"gb-headline gb-headline-8af87ce7 gb-headline-text\">VALORES<\/h3>\n\n<\/div>\n<\/div>\n\n<div class=\"gb-container gb-container-a241c861\">\n<div class=\"gb-grid-wrapper gb-grid-wrapper-ee46ba3c\">\n<div class=\"gb-grid-column gb-grid-column-92fe096b\"><div class=\"gb-container gb-container-92fe096b\">\n\n<h3 class=\"gb-headline gb-headline-0dd8500b\"><span class=\"gb-icon\"><svg aria-hidden=\"true\" role=\"img\" height=\"1em\" width=\"1em\" viewbox=\"0 0 384 512\" xmlns=\"http:\/\/www.w3.org\/2000\/svg\"><path fill=\"currentColor\" d=\"M97.12 362.63c-8.69-8.69-4.16-6.24-25.12-11.85-9.51-2.55-17.87-7.45-25.43-13.32L1.2 448.7c-4.39 10.77 3.81 22.47 15.43 22.03l52.69-2.01L105.56 507c8 8.44 22.04 5.81 26.43-4.96l52.05-127.62c-10.84 6.04-22.87 9.58-35.31 9.58-19.5 0-37.82-7.59-51.61-21.37zM382.8 448.7l-45.37-111.24c-7.56 5.88-15.92 10.77-25.43 13.32-21.07 5.64-16.45 3.18-25.12 11.85-13.79 13.78-32.12 21.37-51.62 21.37-12.44 0-24.47-3.55-35.31-9.58L252 502.04c4.39 10.77 18.44 13.4 26.43 4.96l36.25-38.28 52.69 2.01c11.62.44 19.82-11.27 15.43-22.03zM263 340c15.28-15.55 17.03-14.21 38.79-20.14 13.89-3.79 24.75-14.84 28.47-28.98 7.48-28.4 5.54-24.97 25.95-45.75 10.17-10.35 14.14-25.44 10.42-39.58-7.47-28.38-7.48-24.42 0-52.83 3.72-14.14-.25-29.23-10.42-39.58-20.41-20.78-18.47-17.36-25.95-45.75-3.72-14.14-14.58-25.19-28.47-28.98-27.88-7.61-24.52-5.62-44.95-26.41-10.17-10.35-25-14.4-38.89-10.61-27.87 7.6-23.98 7.61-51.9 0-13.89-3.79-28.72.25-38.89 10.61-20.41 20.78-17.05 18.8-44.94 26.41-13.89 3.79-24.75 14.84-28.47 28.98-7.47 28.39-5.54 24.97-25.95 45.75-10.17 10.35-14.15 25.44-10.42 39.58 7.47 28.36 7.48 24.4 0 52.82-3.72 14.14.25 29.23 10.42 39.59 20.41 20.78 18.47 17.35 25.95 45.75 3.72 14.14 14.58 25.19 28.47 28.98C104.6 325.96 106.27 325 121 340c13.23 13.47 33.84 15.88 49.74 5.82a39.676 39.676 0 0 1 42.53 0c15.89 10.06 36.5 7.65 49.73-5.82zM97.66 175.96c0-53.03 42.24-96.02 94.34-96.02s94.34 42.99 94.34 96.02-42.24 96.02-94.34 96.02-94.34-42.99-94.34-96.02z\"><\/path><\/svg><\/span><span class=\"gb-headline-text\">Excelencia:<\/span><\/h3>\n\n\n\n<div class=\"gb-headline gb-headline-0ae73d22 gb-headline-text\">Buscamos la excelencia en cada aspecto de nuestros servicios m\u00e9dicos, desde la atenci\u00f3n al paciente hasta la innovaci\u00f3n en tratamientos.<\/div>\n\n<\/div><\/div>\n\n<div class=\"gb-grid-column gb-grid-column-f80518b7\"><div class=\"gb-container gb-container-f80518b7\">\n\n<h3 class=\"gb-headline gb-headline-0c819dc9\"><span class=\"gb-icon\"><svg aria-hidden=\"true\" role=\"img\" height=\"1em\" width=\"1em\" viewbox=\"0 0 320 512\" xmlns=\"http:\/\/www.w3.org\/2000\/svg\"><path fill=\"currentColor\" d=\"M296 160H180.6l42.6-129.8C227.2 15 215.7 0 200 0H56C44 0 33.8 8.9 32.2 20.8l-32 240C-1.7 275.2 9.5 288 24 288h118.7L96.6 482.5c-3.6 15.2 8 29.5 23.3 29.5 8.4 0 16.4-4.4 20.8-12l176-304c9.3-15.9-2.2-36-20.7-36z\"><\/path><\/svg><\/span><span class=\"gb-headline-text\">Integridad:<\/span><\/h3>\n\n\n\n<div class=\"gb-headline gb-headline-881726f7 gb-headline-text\">Actuamos con transparencia, \u00e9tica y honestidad en todas nuestras acciones y decisiones.<\/div>\n\n<\/div><\/div>\n\n<div class=\"gb-grid-column gb-grid-column-af6eb293\"><div class=\"gb-container gb-container-af6eb293\">\n\n<h3 class=\"gb-headline gb-headline-08f0f111\"><span class=\"gb-icon\"><svg aria-hidden=\"true\" role=\"img\" height=\"1em\" width=\"1em\" viewbox=\"0 0 496 512\" xmlns=\"http:\/\/www.w3.org\/2000\/svg\"><path fill=\"currentColor\" d=\"M248 8C111 8 0 119 0 256s111 248 248 248 248-111 248-248S385 8 248 8zm0 96c48.6 0 88 39.4 88 88s-39.4 88-88 88-88-39.4-88-88 39.4-88 88-88zm0 344c-58.7 0-111.3-26.6-146.5-68.2 18.8-35.4 55.6-59.8 98.5-59.8 2.4 0 4.8.4 7.1 1.1 13 4.2 26.6 6.9 40.9 6.9 14.3 0 28-2.7 40.9-6.9 2.3-.7 4.7-1.1 7.1-1.1 42.9 0 79.7 24.4 98.5 59.8C359.3 421.4 306.7 448 248 448z\"><\/path><\/svg><\/span><span class=\"gb-headline-text\">Empat\u00eda:<\/span><\/h3>\n\n\n\n<div class=\"gb-headline gb-headline-3bd224c8 gb-headline-text\">Entendemos y valoramos las experiencias de nuestros pacientes, ofreciendo un trato humano y cercano.<\/div>\n\n<\/div><\/div>\n\n<div class=\"gb-grid-column gb-grid-column-be01f66b\"><div class=\"gb-container gb-container-be01f66b\">\n\n<h3 class=\"gb-headline gb-headline-45723727\"><span class=\"gb-icon\"><svg aria-hidden=\"true\" role=\"img\" height=\"1em\" width=\"1em\" viewbox=\"0 0 448 512\" xmlns=\"http:\/\/www.w3.org\/2000\/svg\"><path fill=\"currentColor\" d=\"M400 32H48C21.5 32 0 53.5 0 80v352c0 26.5 21.5 48 48 48h352c26.5 0 48-21.5 48-48V80c0-26.5-21.5-48-48-48zm-32 252c0 6.6-5.4 12-12 12h-92v92c0 6.6-5.4 12-12 12h-56c-6.6 0-12-5.4-12-12v-92H92c-6.6 0-12-5.4-12-12v-56c0-6.6 5.4-12 12-12h92v-92c0-6.6 5.4-12 12-12h56c6.6 0 12 5.4 12 12v92h92c6.6 0 12 5.4 12 12v56z\"><\/path><\/svg><\/span><span class=\"gb-headline-text\">Profesionalismo:<\/span><\/h3>\n\n\n\n<div class=\"gb-headline gb-headline-25ae3d40 gb-headline-text\">Contamos con un equipo de profesionales altamente capacitados y en constante formaci\u00f3n para asegurar el mejor cuidado.<\/div>\n\n<\/div><\/div>\n\n<div class=\"gb-grid-column gb-grid-column-9b8f935f\"><div class=\"gb-container gb-container-9b8f935f\">\n\n<h3 class=\"gb-headline gb-headline-241dfb50\"><span class=\"gb-icon\"><svg aria-hidden=\"true\" role=\"img\" height=\"1em\" width=\"1em\" viewbox=\"0 0 448 512\" xmlns=\"http:\/\/www.w3.org\/2000\/svg\"><path fill=\"currentColor\" d=\"M400 32H48C21.49 32 0 53.49 0 80v352c0 26.51 21.49 48 48 48h352c26.51 0 48-21.49 48-48V80c0-26.51-21.49-48-48-48zm0 400H48V80h352v352zm-35.864-241.724L191.547 361.48c-4.705 4.667-12.303 4.637-16.97-.068l-90.781-91.516c-4.667-4.705-4.637-12.303.069-16.971l22.719-22.536c4.705-4.667 12.303-4.637 16.97.069l59.792 60.277 141.352-140.216c4.705-4.667 12.303-4.637 16.97.068l22.536 22.718c4.667 4.706 4.637 12.304-.068 16.971z\"><\/path><\/svg><\/span><span class=\"gb-headline-text\"><strong>Innovaci\u00f3n<\/strong>:<\/span><\/h3>\n\n\n\n<div class=\"gb-headline gb-headline-7952dc82 gb-headline-text\">Incorporamos tecnolog\u00eda y t\u00e9cnicas m\u00e9dicas avanzadas para ofrecer soluciones efectivas y vanguardistas.<\/div>\n\n<\/div><\/div>\n\n<div class=\"gb-grid-column gb-grid-column-21df7ade\"><div class=\"gb-container gb-container-21df7ade\">\n\n<h3 class=\"gb-headline gb-headline-846ab215\"><span class=\"gb-icon\"><svg aria-hidden=\"true\" role=\"img\" height=\"1em\" width=\"1em\" viewbox=\"0 0 512 512\" xmlns=\"http:\/\/www.w3.org\/2000\/svg\"><path fill=\"currentColor\" d=\"M478.21 334.093L336 256l142.21-78.093c11.795-6.477 15.961-21.384 9.232-33.037l-19.48-33.741c-6.728-11.653-21.72-15.499-33.227-8.523L296 186.718l3.475-162.204C299.763 11.061 288.937 0 275.48 0h-38.96c-13.456 0-24.283 11.061-23.994 24.514L216 186.718 77.265 102.607c-11.506-6.976-26.499-3.13-33.227 8.523l-19.48 33.741c-6.728 11.653-2.562 26.56 9.233 33.037L176 256 33.79 334.093c-11.795 6.477-15.961 21.384-9.232 33.037l19.48 33.741c6.728 11.653 21.721 15.499 33.227 8.523L216 325.282l-3.475 162.204C212.237 500.939 223.064 512 236.52 512h38.961c13.456 0 24.283-11.061 23.995-24.514L296 325.282l138.735 84.111c11.506 6.976 26.499 3.13 33.227-8.523l19.48-33.741c6.728-11.653 2.563-26.559-9.232-33.036z\"><\/path><\/svg><\/span><span class=\"gb-headline-text\"><strong>Trabajo en Equipo<\/strong>:<\/span><\/h3>\n\n\n\n<div class=\"gb-headline gb-headline-6cdf008f gb-headline-text\">Fomentamos la colaboraci\u00f3n y el respeto mutuo entre nuestros profesionales para brindar una atenci\u00f3n integral y coordinada.<\/div>\n\n<\/div><\/div>\n\n<div class=\"gb-grid-column gb-grid-column-9e72a08a\"><div class=\"gb-container gb-container-9e72a08a\"><\/div><\/div>\n<\/div>\n<\/div>\n<\/div>\n<\/div>\n<\/div>\n<\/div>\n\n<div class=\"gb-container gb-container-e24c9c9f\">\n\n<h1 class=\"gb-headline gb-headline-453b551c gb-headline-text\">Mensaje<\/h1>\n\n\n\n<div style=\"height:12px\" aria-hidden=\"true\" class=\"wp-block-spacer\"><\/div>\n\n\n<div class=\"gb-container gb-container-bdfc24fa\">\n<div class=\"gb-container gb-container-5f826217\">\n\n<figure class=\"gb-block-image gb-block-image-f0930a7b\"><img loading=\"lazy\" decoding=\"async\" width=\"1024\" height=\"1016\" class=\"gb-image gb-image-f0930a7b\" src=\"https:\/\/consultoriospichincha.com\/mp_170\/wp-content\/uploads\/2024\/08\/William-Rodrigo-Alvarez-Mejia-1024x1016.jpg\" alt=\"\" title=\"William Rodrigo \u00c1lvarez Mej\u00eda\" srcset=\"https:\/\/consultoriospichincha.com\/mp_170\/wp-content\/uploads\/2024\/08\/William-Rodrigo-Alvarez-Mejia-1024x1016.jpg 1024w, https:\/\/consultoriospichincha.com\/mp_170\/wp-content\/uploads\/2024\/08\/William-Rodrigo-Alvarez-Mejia-300x298.jpg 300w, https:\/\/consultoriospichincha.com\/mp_170\/wp-content\/uploads\/2024\/08\/William-Rodrigo-Alvarez-Mejia-150x150.jpg 150w, https:\/\/consultoriospichincha.com\/mp_170\/wp-content\/uploads\/2024\/08\/William-Rodrigo-Alvarez-Mejia-768x762.jpg 768w, https:\/\/consultoriospichincha.com\/mp_170\/wp-content\/uploads\/2024\/08\/William-Rodrigo-Alvarez-Mejia-1536x1525.jpg 1536w, https:\/\/consultoriospichincha.com\/mp_170\/wp-content\/uploads\/2024\/08\/William-Rodrigo-Alvarez-Mejia-2048x2033.jpg 2048w, https:\/\/consultoriospichincha.com\/mp_170\/wp-content\/uploads\/2024\/08\/William-Rodrigo-Alvarez-Mejia-12x12.jpg 12w\" sizes=\"auto, (max-width: 1024px) 100vw, 1024px\" \/><\/figure>\n\n<\/div>\n\n<div class=\"gb-container gb-container-a362ac2d\">\n\n<p class=\"gb-headline gb-headline-b4c2e5aa gb-headline-text\">Nuestro compromiso con la excelencia y la atenci\u00f3n personalizada es la piedra angular de todo lo que hacemos.<br>Creemos firmemente en la importancia de tratar a cada paciente con empat\u00eda, respeto y profesionalismo. Nuestro equipo de especialistas, con una destacada trayectoria y un profundo sentido de vocaci\u00f3n, trabaja incansablemente para ofrecer soluciones m\u00e9dicas efectivas.<br>Nos esforzamos por crear un entorno donde cada paciente se sienta valorado y cuidado. Buscamos siempre mantenernos a la vanguardia en el campo de la medicina, buscando siempre la mejor manera de atender y mejorar la calidad de vida de quienes conf\u00edan en nosotros.<\/p>\n\n\n\n<h5 class=\"gb-headline gb-headline-3a5aac48 gb-headline-text\"><strong><br>Dr. Willian \u00c1lvarez<\/strong><\/h5>\n\n\n\n<p><em><strong>PRESIDENTE<\/strong><\/em><strong><em> DEL DIRECTORIO <\/em><\/strong><\/p>\n\n<\/div>\n<\/div>\n<\/div>","protected":false},"excerpt":{"rendered":"<p>\u00bfQUI\u00c9NES SOMOS? En Consultorios M\u00e9dicos Pichincha, estamos comprometidos con la excelencia en la atenci\u00f3n m\u00e9dica. Contamos con una amplia cartera de m\u00e9dicos especializados con una destacada trayectoria. Nuestra misi\u00f3n es ofrecer un cuidado integral y personalizado a cada uno de nuestros pacientes, asegurando su bienestar y calidad de vida con instalaciones modernas y tecnolog\u00eda de &#8230; <a title=\"Nosotros\" class=\"read-more\" href=\"https:\/\/consultoriospichincha.com\/mp_170\/es\/nosotros\/\" aria-label=\"Leer m\u00e1s sobre Nosotros\">Leer m\u00e1s<\/a><\/p>","protected":false},"author":1,"featured_media":0,"parent":0,"menu_order":0,"comment_status":"closed","ping_status":"closed","template":"","meta":{"footnotes":""},"class_list":["post-281","page","type-page","status-publish"],"_links":{"self":[{"href":"https:\/\/consultoriospichincha.com\/mp_170\/es\/wp-json\/wp\/v2\/pages\/281","targetHints":{"allow":["GET"]}}],"collection":[{"href":"https:\/\/consultoriospichincha.com\/mp_170\/es\/wp-json\/wp\/v2\/pages"}],"about":[{"href":"https:\/\/consultoriospichincha.com\/mp_170\/es\/wp-json\/wp\/v2\/types\/page"}],"author":[{"embeddable":true,"href":"https:\/\/consultoriospichincha.com\/mp_170\/es\/wp-json\/wp\/v2\/users\/1"}],"replies":[{"embeddable":true,"href":"https:\/\/consultoriospichincha.com\/mp_170\/es\/wp-json\/wp\/v2\/comments?post=281"}],"version-history":[{"count":203,"href":"https:\/\/consultoriospichincha.com\/mp_170\/es\/wp-json\/wp\/v2\/pages\/281\/revisions"}],"predecessor-version":[{"id":3836,"href":"https:\/\/consultoriospichincha.com\/mp_170\/es\/wp-json\/wp\/v2\/pages\/281\/revisions\/3836"}],"wp:attachment":[{"href":"https:\/\/consultoriospichincha.com\/mp_170\/es\/wp-json\/wp\/v2\/media?parent=281"}],"curies":[{"name":"wp","href":"https:\/\/api.w.org\/{rel}","templated":true}]}}