{"id":214,"date":"2024-06-15T17:57:33","date_gmt":"2024-06-15T22:57:33","guid":{"rendered":"https:\/\/consultoriospichincha.com\/mp_170\/?page_id=214"},"modified":"2024-09-02T09:37:41","modified_gmt":"2024-09-02T14:37:41","slug":"especialidades_","status":"publish","type":"page","link":"https:\/\/consultoriospichincha.com\/mp_170\/es\/especialidades_\/","title":{"rendered":"Especialidades"},"content":{"rendered":"<div class=\"gb-container gb-container-ca2882dc\">\n\n<div style=\"height:31px\" aria-hidden=\"true\" class=\"wp-block-spacer\"><\/div>\n\n\n\n<h2 class=\"wp-block-heading has-text-align-center has-accent-color has-text-color has-link-color wp-elements-d64988788825a9befa7d093cd3eb5652\">Especialidades<\/h2>\n\n\n    <div class=\"specialty-search\">\n        <input type=\"text\" id=\"specialty-search-input\" placeholder=\"Buscar especialidad...\">\n    <\/div>\n\n    <div class=\"specialty-gallery\" id=\"specialty-gallery\">\n        <div class=\"specialty\" data-specialty-id=\"5\"><img decoding=\"async\" src=\"\/mp_170\/especialidades\/Anestesiologia.png\" alt=\"Anestesiolog\u00eda, Manejo del Dolor y Acupuntura\"><div class=\"specialty-name\">Anestesiolog\u00eda, Manejo del Dolor y Acupuntura<\/div><\/div><div class=\"specialty\" data-specialty-id=\"20\"><img decoding=\"async\" src=\"\/mp_170\/especialidades\/Audiolog\u00eda.png\" alt=\"Audiolog\u00eda\"><div class=\"specialty-name\">Audiolog\u00eda<\/div><\/div><div class=\"specialty\" data-specialty-id=\"26\"><img decoding=\"async\" src=\"\/mp_170\/especialidades\/Cardiologia.png\" alt=\"Cardiolog\u00eda\"><div class=\"specialty-name\">Cardiolog\u00eda<\/div><\/div><div class=\"specialty\" data-specialty-id=\"13\"><img decoding=\"async\" src=\"\/mp_170\/especialidades\/Cirugia_cardiovascular_%20y_%20tor\u0430cica_toracoscopia.png\" alt=\"Cirug\u00eda Cardiovascular y Tor\u00e1cica-Toracoscop\u00eda\"><div class=\"specialty-name\">Cirug\u00eda Cardiovascular y Tor\u00e1cica-Toracoscop\u00eda<\/div><\/div><div class=\"specialty\" data-specialty-id=\"39\"><img decoding=\"async\" src=\"\/mp_170\/especialidades\/Cirugia_de_mano.png\" alt=\"Cirug\u00eda de Mano\"><div class=\"specialty-name\">Cirug\u00eda de Mano<\/div><\/div><div class=\"specialty\" data-specialty-id=\"9\"><img decoding=\"async\" src=\"\/mp_170\/especialidades\/Cirug\u00eda_general.png\" alt=\"Cirug\u00eda General\"><div class=\"specialty-name\">Cirug\u00eda General<\/div><\/div><div class=\"specialty\" data-specialty-id=\"7\"><img decoding=\"async\" src=\"\/mp_170\/especialidades\/Cirugia_maxilo_facial.png\" alt=\"Cirug\u00eda Maxilofacial \"><div class=\"specialty-name\">Cirug\u00eda Maxilofacial <\/div><\/div><div class=\"specialty\" data-specialty-id=\"18\"><img decoding=\"async\" src=\"\/mp_170\/especialidades\/Cirugia_oftalmologica.png\" alt=\"Cirug\u00eda Oftalmol\u00f3gica\"><div class=\"specialty-name\">Cirug\u00eda Oftalmol\u00f3gica<\/div><\/div><div class=\"specialty\" data-specialty-id=\"24\"><img decoding=\"async\" src=\"\/mp_170\/especialidades\/Cirugia_pl\u0430stica.png\" alt=\"Cirug\u00eda Pl\u00e1stica\"><div class=\"specialty-name\">Cirug\u00eda Pl\u00e1stica<\/div><\/div><div class=\"specialty\" data-specialty-id=\"41\"><img decoding=\"async\" src=\"\/mp_170\/especialidades\/Dermatologia.png\" alt=\"Dermatolog\u00eda\"><div class=\"specialty-name\">Dermatolog\u00eda<\/div><\/div><div class=\"specialty\" data-specialty-id=\"38\"><img decoding=\"async\" src=\"\/mp_170\/especialidades\/Endocrinologia.png\" alt=\"Endocrinolog\u00eda\"><div class=\"specialty-name\">Endocrinolog\u00eda<\/div><\/div><div class=\"specialty\" data-specialty-id=\"28\"><img decoding=\"async\" src=\"\/mp_170\/especialidades\/Fisioterapia.png\" alt=\"Fisioterapia\"><div class=\"specialty-name\">Fisioterapia<\/div><\/div><div class=\"specialty\" data-specialty-id=\"19\"><img decoding=\"async\" src=\"\/mp_170\/especialidades\/Gastroenterologia.png\" alt=\"Gastroenterolog\u00eda\"><div class=\"specialty-name\">Gastroenterolog\u00eda<\/div><\/div><div class=\"specialty\" data-specialty-id=\"35\"><img decoding=\"async\" src=\"\/mp_170\/especialidades\/Genetica_medica.png\" alt=\"Gen\u00e9tica M\u00e9dica\"><div class=\"specialty-name\">Gen\u00e9tica M\u00e9dica<\/div><\/div><div class=\"specialty\" data-specialty-id=\"11\"><img decoding=\"async\" src=\"\/mp_170\/especialidades\/Ginecologia.png\" alt=\"Ginecolog\u00eda\"><div class=\"specialty-name\">Ginecolog\u00eda<\/div><\/div><div class=\"specialty\" data-specialty-id=\"34\"><img decoding=\"async\" src=\"\/mp_170\/especialidades\/Homeopatia.png\" alt=\"Homeopat\u00eda\"><div class=\"specialty-name\">Homeopat\u00eda<\/div><\/div><div class=\"specialty\" data-specialty-id=\"23\"><img decoding=\"async\" src=\"\/mp_170\/especialidades\/Mastologia.png\" alt=\"Mastolog\u00eda\"><div class=\"specialty-name\">Mastolog\u00eda<\/div><\/div><div class=\"specialty\" data-specialty-id=\"33\"><img decoding=\"async\" src=\"\/mp_170\/especialidades\/Medicina_de_emergencias.png\" alt=\"Medicina de Emergencias\"><div class=\"specialty-name\">Medicina de Emergencias<\/div><\/div><div class=\"specialty\" data-specialty-id=\"48\"><img decoding=\"async\" src=\"\/mp_170\/especialidades\/Medicina_familiar.png\" alt=\"Medicina Familiar y Comunitaria\"><div class=\"specialty-name\">Medicina Familiar y Comunitaria<\/div><\/div><div class=\"specialty\" data-specialty-id=\"36\"><img decoding=\"async\" src=\"\/mp_170\/especialidades\/Medicina_fisica.png\" alt=\"Medicina F\u00edsica\"><div class=\"specialty-name\">Medicina F\u00edsica<\/div><\/div><div class=\"specialty\" data-specialty-id=\"30\"><img decoding=\"async\" src=\"\/mp_170\/especialidades\/Medicina_general.png\" alt=\"Medicina General\"><div class=\"specialty-name\">Medicina General<\/div><\/div><div class=\"specialty\" data-specialty-id=\"1\"><img decoding=\"async\" src=\"\/mp_170\/especialidades\/Medicina_interna.png\" alt=\"Medicina Interna\"><div class=\"specialty-name\">Medicina Interna<\/div><\/div><div class=\"specialty\" data-specialty-id=\"40\"><img decoding=\"async\" src=\"\/mp_170\/especialidades\/Neumologia.png\" alt=\"Neumolog\u00eda\"><div class=\"specialty-name\">Neumolog\u00eda<\/div><\/div><div class=\"specialty\" data-specialty-id=\"44\"><img decoding=\"async\" src=\"\/mp_170\/especialidades\/Neurocirugia.png\" alt=\"Neurocirug\u00eda\"><div class=\"specialty-name\">Neurocirug\u00eda<\/div><\/div><div class=\"specialty\" data-specialty-id=\"37\"><img decoding=\"async\" src=\"\/mp_170\/especialidades\/Neurologia.png\" alt=\"Neurolog\u00eda\"><div class=\"specialty-name\">Neurolog\u00eda<\/div><\/div><div class=\"specialty\" data-specialty-id=\"3\"><img decoding=\"async\" src=\"\/mp_170\/especialidades\/Nutricion.png\" alt=\"Nutrici\u00f3n\"><div class=\"specialty-name\">Nutrici\u00f3n<\/div><\/div><div class=\"specialty\" data-specialty-id=\"4\"><img decoding=\"async\" src=\"\/mp_170\/especialidades\/Nutriologia.png\" alt=\"Nutriolog\u00eda\"><div class=\"specialty-name\">Nutriolog\u00eda<\/div><\/div><div class=\"specialty\" data-specialty-id=\"8\"><img decoding=\"async\" src=\"\/mp_170\/especialidades\/Odontologia.png\" alt=\"Odontolog\u00eda\"><div class=\"specialty-name\">Odontolog\u00eda<\/div><\/div><div class=\"specialty\" data-specialty-id=\"22\"><img decoding=\"async\" src=\"\/mp_170\/especialidades\/Oncologia.png\" alt=\"Oncolog\u00eda\"><div class=\"specialty-name\">Oncolog\u00eda<\/div><\/div><div class=\"specialty\" data-specialty-id=\"45\"><img decoding=\"async\" src=\"\/mp_170\/especialidades\/Ortopedia_Pediatrica.png\" alt=\"Ortopedia Pedi\u00e1trica\"><div class=\"specialty-name\">Ortopedia Pedi\u00e1trica<\/div><\/div><div class=\"specialty\" data-specialty-id=\"27\"><img decoding=\"async\" src=\"\/mp_170\/especialidades\/Otorrinolaringologia.png\" alt=\"Otorrinolaringolog\u00eda\"><div class=\"specialty-name\">Otorrinolaringolog\u00eda<\/div><\/div><div class=\"specialty\" data-specialty-id=\"10\"><img decoding=\"async\" src=\"\/mp_170\/especialidades\/Pediatria.png\" alt=\"Pediatr\u00eda\"><div class=\"specialty-name\">Pediatr\u00eda<\/div><\/div><div class=\"specialty\" data-specialty-id=\"29\"><img decoding=\"async\" src=\"\/mp_170\/especialidades\/Podologia.png\" alt=\"Podolog\u00eda\"><div class=\"specialty-name\">Podolog\u00eda<\/div><\/div><div class=\"specialty\" data-specialty-id=\"31\"><img decoding=\"async\" src=\"\/mp_170\/especialidades\/Proctologia.png\" alt=\"Proctolog\u00eda\"><div class=\"specialty-name\">Proctolog\u00eda<\/div><\/div><div class=\"specialty\" data-specialty-id=\"14\"><img decoding=\"async\" src=\"\/mp_170\/especialidades\/Psicologia.png\" alt=\"Psicolog\u00eda\"><div class=\"specialty-name\">Psicolog\u00eda<\/div><\/div><div class=\"specialty\" data-specialty-id=\"21\"><img decoding=\"async\" src=\"\/mp_170\/especialidades\/Psiquiatria.png\" alt=\"Psiquiatr\u00eda\"><div class=\"specialty-name\">Psiquiatr\u00eda<\/div><\/div><div class=\"specialty\" data-specialty-id=\"47\"><img decoding=\"async\" src=\"\/mp_170\/especialidades\/Salud_ocupacional.png\" alt=\"Salud Ocupacional\"><div class=\"specialty-name\">Salud Ocupacional<\/div><\/div><div class=\"specialty\" data-specialty-id=\"12\"><img decoding=\"async\" src=\"\/mp_170\/especialidades\/Terapia_del_lenguaje.png\" alt=\"Terapia de Lenguaje\"><div class=\"specialty-name\">Terapia de Lenguaje<\/div><\/div><div class=\"specialty\" data-specialty-id=\"17\"><img decoding=\"async\" src=\"\/mp_170\/especialidades\/Traumatologia.png\" alt=\"Traumatolog\u00eda\"><div class=\"specialty-name\">Traumatolog\u00eda<\/div><\/div><div class=\"specialty\" data-specialty-id=\"15\"><img decoding=\"async\" src=\"\/mp_170\/especialidades\/Urologia.png\" alt=\"Urolog\u00eda\"><div class=\"specialty-name\">Urolog\u00eda<\/div><\/div>    <\/div>\n\n    <script>\n        jQuery(document).ready(function($) {\n            \/\/ Funci\u00f3n para remover tildes y acentos\n            function removeAccents(str) {\n                const accentMap = {\n                    '\u00e1': 'a', '\u00e0': 'a', '\u00e4': 'a', '\u00e2': 'a', '\u0101': 'a', '\u00e3': 'a',\n                    '\u00e9': 'e', '\u00e8': 'e', '\u00eb': 'e', '\u00ea': 'e', '\u0113': 'e',\n                    '\u00ed': 'i', '\u00ec': 'i', '\u00ef': 'i', '\u00ee': 'i', '\u012b': 'i',\n                    '\u00f3': 'o', '\u00f2': 'o', '\u00f6': 'o', '\u00f4': 'o', '\u014d': 'o', '\u00f5': 'o',\n                    '\u00fa': 'u', '\u00f9': 'u', '\u00fc': 'u', '\u00fb': 'u', '\u016b': 'u',\n                    '\u00f1': 'n',\n                    '\u00e7': 'c',\n                    '\u00c1': 'A', '\u00c0': 'A', '\u00c4': 'A', '\u00c2': 'A', '\u0100': 'A', '\u00c3': 'A',\n                    '\u00c9': 'E', '\u00c8': 'E', '\u00cb': 'E', '\u00ca': 'E', '\u0112': 'E',\n                    '\u00cd': 'I', '\u00cc': 'I', '\u00cf': 'I', '\u00ce': 'I', '\u012a': 'I',\n                    '\u00d3': 'O', '\u00d2': 'O', '\u00d6': 'O', '\u00d4': 'O', '\u014c': 'O', '\u00d5': 'O',\n                    '\u00da': 'U', '\u00d9': 'U', '\u00dc': 'U', '\u00db': 'U', '\u016a': 'U',\n                    '\u00d1': 'N',\n                    '\u00c7': 'C'\n                };\n                \n                return str.split('').map(char => accentMap[char] || char).join('');\n            }\n\n            $('#specialty-search-input').on('input', function() {\n                var filter = removeAccents($(this).val().toUpperCase());\n                $('.specialty').each(function() {\n                    var name = removeAccents($(this).find('.specialty-name').text().toUpperCase());\n                    if (name.indexOf(filter) > -1) {\n                        $(this).show();\n                    } else {\n                        $(this).hide();\n                    }\n                });\n            });\n\n            $('.specialty').on('click', function() {\n                var specialtyId = $(this).data('specialty-id');\n                var redirectUrl = specialties_gallery_ajax.redirect_url + '?specialty_id=' + specialtyId;\n                console.log('Redirection URL:', redirectUrl);\n                window.location.href = redirectUrl;\n            });\n        });\n    <\/script>\n    \n\n<\/div>","protected":false},"excerpt":{"rendered":"<p>Especialidades<\/p>","protected":false},"author":1,"featured_media":0,"parent":0,"menu_order":0,"comment_status":"closed","ping_status":"closed","template":"","meta":{"footnotes":""},"class_list":["post-214","page","type-page","status-publish"],"_links":{"self":[{"href":"https:\/\/consultoriospichincha.com\/mp_170\/es\/wp-json\/wp\/v2\/pages\/214","targetHints":{"allow":["GET"]}}],"collection":[{"href":"https:\/\/consultoriospichincha.com\/mp_170\/es\/wp-json\/wp\/v2\/pages"}],"about":[{"href":"https:\/\/consultoriospichincha.com\/mp_170\/es\/wp-json\/wp\/v2\/types\/page"}],"author":[{"embeddable":true,"href":"https:\/\/consultoriospichincha.com\/mp_170\/es\/wp-json\/wp\/v2\/users\/1"}],"replies":[{"embeddable":true,"href":"https:\/\/consultoriospichincha.com\/mp_170\/es\/wp-json\/wp\/v2\/comments?post=214"}],"version-history":[{"count":25,"href":"https:\/\/consultoriospichincha.com\/mp_170\/es\/wp-json\/wp\/v2\/pages\/214\/revisions"}],"predecessor-version":[{"id":3732,"href":"https:\/\/consultoriospichincha.com\/mp_170\/es\/wp-json\/wp\/v2\/pages\/214\/revisions\/3732"}],"wp:attachment":[{"href":"https:\/\/consultoriospichincha.com\/mp_170\/es\/wp-json\/wp\/v2\/media?parent=214"}],"curies":[{"name":"wp","href":"https:\/\/api.w.org\/{rel}","templated":true}]}}