{"id":1222,"date":"2021-05-30T14:08:16","date_gmt":"2021-05-30T13:08:16","guid":{"rendered":"https:\/\/clinic.wordifysites.com\/?page_id=2"},"modified":"2025-02-18T06:27:08","modified_gmt":"2025-02-18T11:27:08","slug":"inicio","status":"publish","type":"page","link":"https:\/\/consultoriospichincha.com\/mp_170\/es\/","title":{"rendered":"Inicio"},"content":{"rendered":"<div class=\"gb-container gb-container-a7c9abcc\">\n<div class=\"gb-container gb-container-ef1628d2\">\n<section class=\"gb-container gb-container-f3908851\">\n<div class=\"gb-container gb-container-aa3ea559\">\n<div class=\"gb-container gb-container-36d7ee28\">\n<div class=\"gb-container gb-container-ddf564a6\">\n\n<div style=\"height:113px\" aria-hidden=\"true\" class=\"wp-block-spacer\"><\/div>\n\n\n<div class=\"wp-block-image\">\n<figure class=\"aligncenter size-large is-resized\"><img loading=\"lazy\" decoding=\"async\" width=\"1024\" height=\"617\" src=\"https:\/\/consultoriospichincha.com\/mp_170\/wp-content\/uploads\/2024\/07\/ORIGINAL-1024x617.png\" alt=\"\" class=\"wp-image-2555\" style=\"width:461px;height:auto\" srcset=\"https:\/\/consultoriospichincha.com\/mp_170\/wp-content\/uploads\/2024\/07\/ORIGINAL-1024x617.png 1024w, https:\/\/consultoriospichincha.com\/mp_170\/wp-content\/uploads\/2024\/07\/ORIGINAL-300x181.png 300w, https:\/\/consultoriospichincha.com\/mp_170\/wp-content\/uploads\/2024\/07\/ORIGINAL-768x463.png 768w, https:\/\/consultoriospichincha.com\/mp_170\/wp-content\/uploads\/2024\/07\/ORIGINAL-1536x926.png 1536w, https:\/\/consultoriospichincha.com\/mp_170\/wp-content\/uploads\/2024\/07\/ORIGINAL-2048x1235.png 2048w, https:\/\/consultoriospichincha.com\/mp_170\/wp-content\/uploads\/2024\/07\/ORIGINAL-18x12.png 18w\" sizes=\"auto, (max-width: 1024px) 100vw, 1024px\" \/><\/figure>\n<\/div>\n\n\n<div style=\"height:20px\" aria-hidden=\"true\" class=\"wp-block-spacer\"><\/div>\n\n\n\n<h4 class=\"wp-block-heading has-text-align-center has-accent-color has-text-color has-link-color wp-elements-3feee391de497671c54e25b7b2aceaf5\"><strong>Bienvenidos a Consultorios M\u00e9dicos Pichincha<\/strong><\/h4>\n\n\n\n<hr class=\"wp-block-separator has-alpha-channel-opacity is-style-default\"\/>\n\n\n\n<p class=\"gb-headline gb-headline-cad032cc gb-headline-text\">Ofrecemos atenci\u00f3n m\u00e9dica de calidad, con un equipo de m\u00e9dicos especializados en diferentes ramas de la medicina.<\/p>\n\n\n\n<p class=\"has-text-align-center\"><br>\u00a1Agenda tu cita hoy mismo!<\/p>\n\n\n\n<hr class=\"wp-block-separator has-alpha-channel-opacity\"\/>\n\n<\/div>\n\n<div class=\"gb-container gb-container-818e3227\">\n\n<div style=\"height:152px\" aria-hidden=\"true\" class=\"wp-block-spacer\"><\/div>\n\n\n<div id=\"metaslider-id-2676\" style=\"max-width: 1600px;\" class=\"ml-slider-3-107-0 metaslider metaslider-flex metaslider-2676 ml-slider ms-theme-default nav-hidden\" role=\"region\" aria-label=\"Nueva presentaci\u00f3n de diapositivas\" data-height=\"766\" data-width=\"1600\">\n    <div id=\"metaslider_container_2676\">\n        <div id=\"metaslider_2676\">\n            <ul class='slides'>\n                <li style=\"display: block; width: 100%;\" class=\"slide-2679 ms-image\" aria-roledescription=\"slide\" data-date=\"2024-07-31 14:44:32\" data-filename=\"cmp_edif_4-1600x766.jpg\" data-slide-type=\"image\"><img loading=\"lazy\" decoding=\"async\" src=\"https:\/\/consultoriospichincha.com\/mp_170\/wp-content\/uploads\/2024\/06\/cmp_edif_4-1600x766.jpg\" height=\"766\" width=\"1600\" alt=\"\" class=\"slider-2676 slide-2679 msDefaultImage\" title=\"cmp_edif_4\" \/><\/li>\n                <li style=\"display: none; width: 100%;\" class=\"slide-2678 ms-image\" aria-roledescription=\"slide\" data-date=\"2024-07-31 14:44:32\" data-filename=\"slideA2-1600x766.jpg\" data-slide-type=\"image\"><img loading=\"lazy\" decoding=\"async\" src=\"https:\/\/consultoriospichincha.com\/mp_170\/wp-content\/uploads\/2024\/06\/slideA2-1600x766.jpg\" height=\"766\" width=\"1600\" alt=\"\" class=\"slider-2676 slide-2678 msDefaultImage\" \/><\/li>\n                <li style=\"display: none; width: 100%;\" class=\"slide-2677 ms-image\" aria-roledescription=\"slide\" data-date=\"2024-07-31 14:44:32\" data-filename=\"slideA3-1600x766.jpg\" data-slide-type=\"image\"><img loading=\"lazy\" decoding=\"async\" src=\"https:\/\/consultoriospichincha.com\/mp_170\/wp-content\/uploads\/2024\/06\/slideA3-1600x766.jpg\" height=\"766\" width=\"1600\" alt=\"\" class=\"slider-2676 slide-2677 msDefaultImage\" \/><\/li>\n            <\/ul>\n        <\/div>\n        \n    <\/div>\n<\/div>\n\n<\/div>\n<\/div>\n<\/div>\n<\/section>\n<\/div>\n<\/div>\n\n<section class=\"gb-container gb-container-5c2acce0\">\n<div class=\"gb-container gb-container-f8060f11\">\n\n<h5 class=\"gb-headline gb-headline-5517d9f9\"><span class=\"gb-icon\"><svg viewbox=\"0 0 16 16\" class=\"bi bi-check2-square\" height=\"16\" width=\"16\" xmlns=\"http:\/\/www.w3.org\/2000\/svg\">   <path d=\"M3 14.5A1.5 1.5 0 0 1 1.5 13V3A1.5 1.5 0 0 1 3 1.5h8a.5.5 0 0 1 0 1H3a.5.5 0 0 0-.5.5v10a.5.5 0 0 0 .5.5h10a.5.5 0 0 0 .5-.5V8a.5.5 0 0 1 1 0v5a1.5 1.5 0 0 1-1.5 1.5H3z\"><\/path>   <path d=\"m8.354 10.354 7-7a.5.5 0 0 0-.708-.708L8 9.293 5.354 6.646a.5.5 0 1 0-.708.708l3 3a.5.5 0 0 0 .708 0z\"><\/path> <\/svg><\/span><span class=\"gb-headline-text\">M\u00e9dicos calificados<\/span><\/h5>\n\n\n\n<h5 class=\"gb-headline gb-headline-df132468\"><span class=\"gb-icon\"><svg viewbox=\"0 0 16 16\" class=\"bi bi-check2-square\" height=\"16\" width=\"16\" xmlns=\"http:\/\/www.w3.org\/2000\/svg\">   <path d=\"M3 14.5A1.5 1.5 0 0 1 1.5 13V3A1.5 1.5 0 0 1 3 1.5h8a.5.5 0 0 1 0 1H3a.5.5 0 0 0-.5.5v10a.5.5 0 0 0 .5.5h10a.5.5 0 0 0 .5-.5V8a.5.5 0 0 1 1 0v5a1.5 1.5 0 0 1-1.5 1.5H3z\"><\/path>   <path d=\"m8.354 10.354 7-7a.5.5 0 0 0-.708-.708L8 9.293 5.354 6.646a.5.5 0 1 0-.708.708l3 3a.5.5 0 0 0 .708 0z\"><\/path> <\/svg><\/span><span class=\"gb-headline-text\">Variedad de especialidades m\u00e9dicas<\/span><\/h5>\n\n\n\n<h5 class=\"gb-headline gb-headline-de422b93\"><span class=\"gb-icon\"><svg viewbox=\"0 0 16 16\" class=\"bi bi-check2-square\" height=\"16\" width=\"16\" xmlns=\"http:\/\/www.w3.org\/2000\/svg\">   <path d=\"M3 14.5A1.5 1.5 0 0 1 1.5 13V3A1.5 1.5 0 0 1 3 1.5h8a.5.5 0 0 1 0 1H3a.5.5 0 0 0-.5.5v10a.5.5 0 0 0 .5.5h10a.5.5 0 0 0 .5-.5V8a.5.5 0 0 1 1 0v5a1.5 1.5 0 0 1-1.5 1.5H3z\"><\/path>   <path d=\"m8.354 10.354 7-7a.5.5 0 0 0-.708-.708L8 9.293 5.354 6.646a.5.5 0 1 0-.708.708l3 3a.5.5 0 0 0 .708 0z\"><\/path> <\/svg><\/span><span class=\"gb-headline-text\">Servicio orientado al paciente<\/span><\/h5>\n\n<\/div>\n<\/section>\n\n<div class=\"gb-container gb-container-f61ab07b\">\n<div class=\"gb-container gb-container-3b840ddf\">\n\n<figure class=\"wp-block-video\"><video height=\"1080\" style=\"aspect-ratio: 1920 \/ 1080;\" width=\"1920\" autoplay controls loop src=\"https:\/\/consultoriospichincha.com\/mp_170\/wp-content\/uploads\/2024\/07\/video-corto-2.mp4\"><\/video><\/figure>\n\n<\/div>\n\n<section class=\"gb-container gb-container-08654e19 alignwide\">\n\n<figure class=\"wp-block-image size-full\"><a href=\"https:\/\/consultoriospichincha.com\/mp_170\/es\/especialidades_\/\"><img loading=\"lazy\" decoding=\"async\" width=\"842\" height=\"428\" src=\"https:\/\/consultoriospichincha.com\/mp_170\/wp-content\/uploads\/2024\/07\/fondo_transparente.png\" alt=\"\" class=\"wp-image-2433\" style=\"aspect-ratio:16\/9;object-fit:cover\" srcset=\"https:\/\/consultoriospichincha.com\/mp_170\/wp-content\/uploads\/2024\/07\/fondo_transparente.png 842w, https:\/\/consultoriospichincha.com\/mp_170\/wp-content\/uploads\/2024\/07\/fondo_transparente-300x152.png 300w, https:\/\/consultoriospichincha.com\/mp_170\/wp-content\/uploads\/2024\/07\/fondo_transparente-768x390.png 768w, https:\/\/consultoriospichincha.com\/mp_170\/wp-content\/uploads\/2024\/07\/fondo_transparente-18x9.png 18w\" sizes=\"auto, (max-width: 842px) 100vw, 842px\" \/><\/a><\/figure>\n\n\n\n<figure class=\"wp-block-image size-full is-resized\"><a href=\"https:\/\/consultoriospichincha.com\/mp_170\/es\/buscar-medico\/\"><img loading=\"lazy\" decoding=\"async\" width=\"1503\" height=\"765\" src=\"https:\/\/consultoriospichincha.com\/mp_170\/wp-content\/uploads\/2024\/09\/Page-1.png\" alt=\"\" class=\"wp-image-3473\" style=\"width:745px;height:auto\" srcset=\"https:\/\/consultoriospichincha.com\/mp_170\/wp-content\/uploads\/2024\/09\/Page-1.png 1503w, https:\/\/consultoriospichincha.com\/mp_170\/wp-content\/uploads\/2024\/09\/Page-1-300x153.png 300w, https:\/\/consultoriospichincha.com\/mp_170\/wp-content\/uploads\/2024\/09\/Page-1-1024x521.png 1024w, https:\/\/consultoriospichincha.com\/mp_170\/wp-content\/uploads\/2024\/09\/Page-1-768x391.png 768w, https:\/\/consultoriospichincha.com\/mp_170\/wp-content\/uploads\/2024\/09\/Page-1-18x9.png 18w\" sizes=\"auto, (max-width: 1503px) 100vw, 1503px\" \/><\/a><\/figure>\n\n<\/section>\n<\/div>","protected":false},"excerpt":{"rendered":"<p>Bienvenidos a Consultorios M\u00e9dicos Pichincha Ofrecemos atenci\u00f3n m\u00e9dica de calidad, con un equipo de m\u00e9dicos especializados en diferentes ramas de la medicina. \u00a1Agenda tu cita hoy mismo! M\u00e9dicos calificados Variedad de especialidades m\u00e9dicas Servicio orientado al paciente<\/p>","protected":false},"author":1,"featured_media":0,"parent":0,"menu_order":0,"comment_status":"closed","ping_status":"closed","template":"","meta":{"footnotes":""},"class_list":["post-1222","page","type-page","status-publish"],"_links":{"self":[{"href":"https:\/\/consultoriospichincha.com\/mp_170\/es\/wp-json\/wp\/v2\/pages\/1222","targetHints":{"allow":["GET"]}}],"collection":[{"href":"https:\/\/consultoriospichincha.com\/mp_170\/es\/wp-json\/wp\/v2\/pages"}],"about":[{"href":"https:\/\/consultoriospichincha.com\/mp_170\/es\/wp-json\/wp\/v2\/types\/page"}],"author":[{"embeddable":true,"href":"https:\/\/consultoriospichincha.com\/mp_170\/es\/wp-json\/wp\/v2\/users\/1"}],"replies":[{"embeddable":true,"href":"https:\/\/consultoriospichincha.com\/mp_170\/es\/wp-json\/wp\/v2\/comments?post=1222"}],"version-history":[{"count":374,"href":"https:\/\/consultoriospichincha.com\/mp_170\/es\/wp-json\/wp\/v2\/pages\/1222\/revisions"}],"predecessor-version":[{"id":3683,"href":"https:\/\/consultoriospichincha.com\/mp_170\/es\/wp-json\/wp\/v2\/pages\/1222\/revisions\/3683"}],"wp:attachment":[{"href":"https:\/\/consultoriospichincha.com\/mp_170\/es\/wp-json\/wp\/v2\/media?parent=1222"}],"curies":[{"name":"wp","href":"https:\/\/api.w.org\/{rel}","templated":true}]}}